{"id":65,"date":"2022-06-28T23:42:50","date_gmt":"2022-06-28T23:42:50","guid":{"rendered":"https:\/\/orsaygifathle.fr\/?page_id=65"},"modified":"2025-06-25T12:38:39","modified_gmt":"2025-06-25T12:38:39","slug":"entrainements-a-gif-sur-yvette","status":"publish","type":"page","link":"https:\/\/orsaygifathle.fr\/?page_id=65","title":{"rendered":"Entra\u00eenements \u00e0 Gif-Sur-Yvette"},"content":{"rendered":"\n<div class=\"wp-block-buttons is-content-justification-right is-layout-flex wp-container-core-buttons-is-layout-765c4724 wp-block-buttons-is-layout-flex\">\n<div class=\"wp-block-button\"><a class=\"wp-block-button__link has-black-color has-luminous-vivid-orange-background-color has-text-color has-background has-small-font-size has-custom-font-size wp-element-button\" href=\"https:\/\/orsaygifathle.fr\/?page_id=51\" style=\"border-radius:5px\"><strong>ACCUEIL GIF<\/strong><\/a><\/div>\n<\/div>\n\n\n\n<p>Les entra\u00eenements ont lieu sur le stade d\u2019athl\u00e9tisme situ\u00e9 dans le <strong>Parc Michel Pelchat<\/strong> \u00e0 c\u00f4t\u00e9 de la place du march\u00e9 \u00e0 Gif Vall\u00e9e.<\/p>\n\n\n\n<iframe src=\"https:\/\/www.google.com\/maps\/embed?pb=!1m17!1m12!1m3!1d2633.2752114588397!2d2.1305592548194423!3d48.70022048917555!2m3!1f0!2f0!3f0!3m2!1i1024!2i768!4f13.1!3m2!1m1!2zNDjCsDQyJzAwLjgiTiAywrAwNyc1Ni42IkU!5e0!3m2!1sfr!2sfr!4v1697804123110!5m2!1sfr!2sfr\" width=\"600\" height=\"450\" style=\"border:0;\" allowfullscreen=\"\" loading=\"lazy\" referrerpolicy=\"no-referrer-when-downgrade\"><\/iframe>\n\n\n\n<p class=\"has-luminous-vivid-orange-color has-text-color\"><br><strong><span style=\"text-decoration: underline;\"><em>Reprise des entra\u00eenements :<\/em><\/span><\/strong><\/p>\n\n\n\n<ul class=\"wp-block-list\">\n<li><strong>\u00c9cole Athl\u00e9 Poussins :<\/strong> Mercredi 10 Septembre<\/li>\n\n\n\n<li><strong>Benjamins Minimes :<\/strong> Mercredi 10 Septembre<\/li>\n\n\n\n<li><strong>Sprint \/ Demi fond :<\/strong> Lundi 8 \/ Mardi 9 Septembre<\/li>\n\n\n\n<li><strong>Running :<\/strong> Mardi 9 Septembre<\/li>\n<\/ul>\n\n\n\n<figure class=\"wp-block-image size-large\"><img decoding=\"async\" src=\"https:\/\/orsaygifathle.fr\/wp-content\/uploads\/2025\/06\/image-3-1024x517.png\" alt=\"\" class=\"wp-image-756\"\/><\/figure>\n\n\n\n<p class=\"has-luminous-vivid-orange-color has-text-color\"><br><strong><em>Contact entraineurs\u00a0:<\/em><\/strong><\/p>\n\n\n\n<p class=\"has-text-align-left\">\u2022 <strong>\u00c9cole d\u2019Athl\u00e9 (EA-PO) :<\/strong><br>Ana\u00efs Roger &#8211; <a href=\"mailto:anaisroger@ymail.com\">anaisroger@ymail.com<\/a><br><strong>\u2022 Jeunes (BE-MI) :<\/strong><br>Lucien Pandjikola &#8211; <a href=\"http:\/\/oga.local\/wp-admin\/lucio.ocgif@gmail.com\"><\/a><a href=\"mailto:lucio.ocgif@gmail.com\">lucio.ocgif@gmail.com<\/a><br>Zo\u00e9 Beaurenaud &#8211; <a href=\"mailto:zbeaurenaud@gmail.com\" title=\"\">zbeaurenaud@gmail-com<\/a><br><strong>\u2022 Sprint Haies Sauts :<\/strong><br>Lucien Pandjikola &#8211; <a href=\"mailto:lucio.ocgif@gmail.com\" title=\"\">lucio.ocgif@gmail.com<\/a><br><strong>\u2022 Demi-fond :<\/strong><br>Micha\u00ebl Simon &#8211; <a href=\"mailto:berty91@hotmail.fr\" title=\"\">berty91@hotmail.fr<\/a><br><strong>\u2022 Running :<\/strong><br>Geoffrey Briant &#8211; <a href=\"mailto:briant.geoffrey@yahoo.fr\">briant.geoffrey@yahoo.fr<\/a><\/p>\n\n\n\n<div class=\"alignnormal\"><div id=\"metaslider-id-407\" style=\"max-width: 300px; margin: 0 auto;\" class=\"ml-slider-3-98-0 metaslider metaslider-flex metaslider-407 ml-slider ms-theme-default\" role=\"region\" aria-roledescription=\"Slideshow\" aria-label=\"Coaching Gif\" data-width=\"300\">\n    <div id=\"metaslider_container_407\">\n        <div id=\"metaslider_407\">\n            <ul class='slides'>\n                <li style=\"display: block; width: 100%;\" class=\"slide-415 ms-image \" aria-roledescription=\"slide\" aria-label=\"slide-415\" data-date=\"2023-10-23 19:43:13\"><img loading=\"lazy\" decoding=\"async\" src=\"https:\/\/orsaygifathle.fr\/wp-content\/uploads\/2023\/10\/Anais-300x300.jpeg\" height=\"300\" width=\"300\" alt=\"\" class=\"slider-407 slide-415\" title=\"Ana\u00efs\" \/><div class=\"caption-wrap\"><div class=\"caption\"><div>Ana\u00efs Roger - EA\/PO<\/div><\/div><\/div><\/li>\n                <li style=\"display: none; width: 100%;\" class=\"slide-409 ms-image \" aria-roledescription=\"slide\" aria-label=\"slide-409\" data-date=\"2023-10-23 19:25:19\"><img loading=\"lazy\" decoding=\"async\" src=\"https:\/\/orsaygifathle.fr\/wp-content\/uploads\/2023\/10\/Zoe-300x300.jpeg\" height=\"300\" width=\"300\" alt=\"\" class=\"slider-407 slide-409\" title=\"Zo\u00e9\" \/><div class=\"caption-wrap\"><div class=\"caption\"><div>Zo\u00e9 Beaurenaud - BE\/MI<\/div><\/div><\/div><\/li>\n                <li style=\"display: none; width: 100%;\" class=\"slide-416 ms-image \" aria-roledescription=\"slide\" aria-label=\"slide-416\" data-date=\"2023-10-23 19:43:48\"><img loading=\"lazy\" decoding=\"async\" src=\"https:\/\/orsaygifathle.fr\/wp-content\/uploads\/2023\/10\/Lucien-300x300.jpeg\" height=\"300\" width=\"300\" alt=\"\" class=\"slider-407 slide-416\" title=\"Lucien\" \/><div class=\"caption-wrap\"><div class=\"caption\"><div>Lucien Pandjikola - Sprint\/Haies\/Sauts<\/div><\/div><\/div><\/li>\n                <li style=\"display: none; width: 100%;\" class=\"slide-413 ms-image \" aria-roledescription=\"slide\" aria-label=\"slide-413\" data-date=\"2023-10-23 19:42:21\"><img loading=\"lazy\" decoding=\"async\" src=\"https:\/\/orsaygifathle.fr\/wp-content\/uploads\/2024\/08\/WhatsApp-Image-2024-08-14-at-14.51.19-1-300x300.jpeg\" height=\"300\" width=\"300\" alt=\"\" class=\"slider-407 slide-413\" title=\"WhatsApp Image 2024-08-14 at 14.51.19 (1)\" \/><div class=\"caption-wrap\"><div class=\"caption\"><div>Michael Simon - Demi-fond<\/div><\/div><\/div><\/li>\n                <li style=\"display: none; width: 100%;\" class=\"slide-411 ms-image \" aria-roledescription=\"slide\" aria-label=\"slide-411\" data-date=\"2023-10-23 19:26:14\"><img loading=\"lazy\" decoding=\"async\" src=\"https:\/\/orsaygifathle.fr\/wp-content\/uploads\/2023\/10\/Geo-1-300x300.jpeg\" height=\"300\" width=\"300\" alt=\"\" class=\"slider-407 slide-411\" title=\"Geo\" \/><div class=\"caption-wrap\"><div class=\"caption\"><div>Geoffrey Briant - Running<\/div><\/div><\/div><\/li>\n            <\/ul>\n        <\/div>\n        \n    <\/div>\n<\/div><\/div>\n","protected":false},"excerpt":{"rendered":"<p>Les entra\u00eenements ont lieu sur le stade d\u2019athl\u00e9tisme situ\u00e9 dans le Parc Michel Pelchat \u00e0 c\u00f4t\u00e9 de la place du march\u00e9 \u00e0 Gif Vall\u00e9e.&#46;&#46;&#46;<\/p>\n","protected":false},"author":1,"featured_media":0,"parent":0,"menu_order":0,"comment_status":"closed","ping_status":"closed","template":"","meta":{"om_disable_all_campaigns":false,"ub_ctt_via":"","_monsterinsights_skip_tracking":false,"_monsterinsights_sitenote_active":false,"_monsterinsights_sitenote_note":"","_monsterinsights_sitenote_category":0,"footnotes":""},"class_list":["post-65","page","type-page","status-publish","hentry"],"aioseo_notices":[],"featured_image_src":null,"_links":{"self":[{"href":"https:\/\/orsaygifathle.fr\/index.php?rest_route=\/wp\/v2\/pages\/65","targetHints":{"allow":["GET"]}}],"collection":[{"href":"https:\/\/orsaygifathle.fr\/index.php?rest_route=\/wp\/v2\/pages"}],"about":[{"href":"https:\/\/orsaygifathle.fr\/index.php?rest_route=\/wp\/v2\/types\/page"}],"author":[{"embeddable":true,"href":"https:\/\/orsaygifathle.fr\/index.php?rest_route=\/wp\/v2\/users\/1"}],"replies":[{"embeddable":true,"href":"https:\/\/orsaygifathle.fr\/index.php?rest_route=%2Fwp%2Fv2%2Fcomments&post=65"}],"version-history":[{"count":31,"href":"https:\/\/orsaygifathle.fr\/index.php?rest_route=\/wp\/v2\/pages\/65\/revisions"}],"predecessor-version":[{"id":759,"href":"https:\/\/orsaygifathle.fr\/index.php?rest_route=\/wp\/v2\/pages\/65\/revisions\/759"}],"wp:attachment":[{"href":"https:\/\/orsaygifathle.fr\/index.php?rest_route=%2Fwp%2Fv2%2Fmedia&parent=65"}],"curies":[{"name":"wp","href":"https:\/\/api.w.org\/{rel}","templated":true}]}}