{"id":63,"date":"2022-06-28T23:42:15","date_gmt":"2022-06-28T23:42:15","guid":{"rendered":"https:\/\/orsaygifathle.fr\/?page_id=63"},"modified":"2023-10-20T15:14:16","modified_gmt":"2023-10-20T15:14:16","slug":"loisir-running-marche-nordique-adultes","status":"publish","type":"page","link":"https:\/\/orsaygifathle.fr\/?page_id=63","title":{"rendered":"ATHLE Sant\u00e9 Loisir"},"content":{"rendered":"\n<p class=\"has-medium-font-size\"><strong>Loisir Running &#8211; Marche nordique<\/strong><\/p>\n\n\n\n<p>Pour un public d\u00e9butant ou souhaitant reprendre une activit\u00e9 physique en \u00e9tant encadr\u00e9 et conseill\u00e9, tout en partageant des moments conviviaux de groupe. La Marche Nordique est une pratique de marche dynamique qui se fait  en pleine nature. Un groupe zen++ permettra \u00e0 des personnes d&rsquo;int\u00e9grer un groupe de marche plus lent et adapt\u00e9 \u00e0 la remise en forme suite \u00e0 une pathologie.  <\/p>\n\n\n\n<p>Des plans personnalis\u00e9s sont propos\u00e9s en fonction des objectifs de progression. <\/p>\n\n\n\n<p>Les activit\u00e9s sont encadr\u00e9es par des entraineurs dipl\u00f4m\u00e9s.<\/p>\n\n\n\n<p>Une licence Athl\u00e9 avec option \u00ab\u00a0loisir\u00a0\u00bb ou \u00ab\u00a0sant\u00e9\u00a0\u00bb  <\/p>\n\n\n\n<p><\/p>\n\n\n\n<figure class=\"wp-block-gallery has-nested-images columns-default is-cropped wp-block-gallery-1 is-layout-flex wp-block-gallery-is-layout-flex\">\n<figure class=\"wp-block-image size-large\"><img loading=\"lazy\" decoding=\"async\" width=\"600\" height=\"400\" data-id=\"176\" src=\"https:\/\/orsaygifathle.fr\/wp-content\/uploads\/2022\/08\/DSC_0309-638-600-450-80.jpg\" alt=\"\" class=\"wp-image-176\" srcset=\"https:\/\/orsaygifathle.fr\/wp-content\/uploads\/2022\/08\/DSC_0309-638-600-450-80.jpg 600w, https:\/\/orsaygifathle.fr\/wp-content\/uploads\/2022\/08\/DSC_0309-638-600-450-80-300x200.jpg 300w\" sizes=\"auto, (max-width: 600px) 100vw, 600px\" \/><\/figure>\n\n\n\n<figure class=\"wp-block-image size-large\"><img loading=\"lazy\" decoding=\"async\" width=\"201\" height=\"201\" data-id=\"178\" src=\"https:\/\/orsaygifathle.fr\/wp-content\/uploads\/2022\/08\/Image1.png\" alt=\"\" class=\"wp-image-178\" srcset=\"https:\/\/orsaygifathle.fr\/wp-content\/uploads\/2022\/08\/Image1.png 201w, https:\/\/orsaygifathle.fr\/wp-content\/uploads\/2022\/08\/Image1-150x150.png 150w, https:\/\/orsaygifathle.fr\/wp-content\/uploads\/2022\/08\/Image1-200x200.png 200w\" sizes=\"auto, (max-width: 201px) 100vw, 201px\" \/><\/figure>\n\n\n\n<figure class=\"wp-block-image size-large\"><img loading=\"lazy\" decoding=\"async\" width=\"516\" height=\"405\" data-id=\"177\" src=\"https:\/\/orsaygifathle.fr\/wp-content\/uploads\/2022\/08\/Image2.jpg\" alt=\"\" class=\"wp-image-177\" srcset=\"https:\/\/orsaygifathle.fr\/wp-content\/uploads\/2022\/08\/Image2.jpg 516w, https:\/\/orsaygifathle.fr\/wp-content\/uploads\/2022\/08\/Image2-300x235.jpg 300w\" sizes=\"auto, (max-width: 516px) 100vw, 516px\" \/><\/figure>\n<\/figure>\n","protected":false},"excerpt":{"rendered":"<p>Loisir Running &#8211; Marche nordique Pour un public d\u00e9butant ou souhaitant reprendre une activit\u00e9 physique en \u00e9tant encadr\u00e9 et conseill\u00e9, tout en partageant des&#46;&#46;&#46;<\/p>\n","protected":false},"author":1,"featured_media":0,"parent":0,"menu_order":0,"comment_status":"closed","ping_status":"closed","template":"","meta":{"om_disable_all_campaigns":false,"ub_ctt_via":"","_monsterinsights_skip_tracking":false,"_monsterinsights_sitenote_active":false,"_monsterinsights_sitenote_note":"","_monsterinsights_sitenote_category":0,"footnotes":""},"class_list":["post-63","page","type-page","status-publish","hentry"],"aioseo_notices":[],"featured_image_src":null,"_links":{"self":[{"href":"https:\/\/orsaygifathle.fr\/index.php?rest_route=\/wp\/v2\/pages\/63","targetHints":{"allow":["GET"]}}],"collection":[{"href":"https:\/\/orsaygifathle.fr\/index.php?rest_route=\/wp\/v2\/pages"}],"about":[{"href":"https:\/\/orsaygifathle.fr\/index.php?rest_route=\/wp\/v2\/types\/page"}],"author":[{"embeddable":true,"href":"https:\/\/orsaygifathle.fr\/index.php?rest_route=\/wp\/v2\/users\/1"}],"replies":[{"embeddable":true,"href":"https:\/\/orsaygifathle.fr\/index.php?rest_route=%2Fwp%2Fv2%2Fcomments&post=63"}],"version-history":[{"count":4,"href":"https:\/\/orsaygifathle.fr\/index.php?rest_route=\/wp\/v2\/pages\/63\/revisions"}],"predecessor-version":[{"id":346,"href":"https:\/\/orsaygifathle.fr\/index.php?rest_route=\/wp\/v2\/pages\/63\/revisions\/346"}],"wp:attachment":[{"href":"https:\/\/orsaygifathle.fr\/index.php?rest_route=%2Fwp%2Fv2%2Fmedia&parent=63"}],"curies":[{"name":"wp","href":"https:\/\/api.w.org\/{rel}","templated":true}]}}