{"id":35,"date":"2022-06-28T23:41:32","date_gmt":"2022-06-28T23:41:32","guid":{"rendered":"https:\/\/orsaygifathle.fr\/?page_id=35"},"modified":"2022-09-11T15:05:25","modified_gmt":"2022-09-11T15:05:25","slug":"presentation-du-club-dorsay","status":"publish","type":"page","link":"https:\/\/orsaygifathle.fr\/?page_id=35","title":{"rendered":"Pr\u00e9sentation du club d&rsquo;Orsay"},"content":{"rendered":"\n<div class=\"wp-block-columns is-layout-flex wp-container-core-columns-is-layout-9d6595d7 wp-block-columns-is-layout-flex\">\n<div class=\"wp-block-column is-layout-flow wp-block-column-is-layout-flow\" style=\"flex-basis:100%\">\n<ul class=\"wp-block-list\"><li><a href=\"https:\/\/orsaygifathle.fr\/?page_id=53\">Inscription au club d&rsquo;Orsay<\/a><\/li><li><a href=\"https:\/\/orsaygifathle.fr\/?page_id=241\">Entrainements au club d&rsquo;Orsay<\/a><\/li><li><a href=\"https:\/\/orsaygifathle.fr\/?page_id=59\">Informations Athl\u00e9 d\u00e9couverte (Poussins\/Benjamins)<\/a><\/li><li><a href=\"https:\/\/orsaygifathle.fr\/?page_id=61\">Informations Athl\u00e9 comp\u00e9tition<\/a><\/li><li><a href=\"https:\/\/orsaygifathle.fr\/?page_id=63\">Informations Athl\u00e9 loisir<\/a><\/li><\/ul>\n\n\n\n<div class=\"wp-block-group\"><div class=\"wp-block-group__inner-container is-layout-flow wp-block-group-is-layout-flow\">\n<div class=\"wp-block-columns is-layout-flex wp-container-core-columns-is-layout-9d6595d7 wp-block-columns-is-layout-flex\">\n<div class=\"wp-block-column has-white-background-color has-background is-layout-flow wp-block-column-is-layout-flow\" style=\"flex-basis:100%\">\n<div class=\"wp-block-media-text alignwide is-stacked-on-mobile\" style=\"grid-template-columns:38% auto\"><figure class=\"wp-block-media-text__media\"><img loading=\"lazy\" decoding=\"async\" width=\"1024\" height=\"683\" src=\"http:\/\/orsaygifathle.fr\/wp-content\/uploads\/2022\/06\/CAO_light-1024x683.jpg\" alt=\"\" class=\"wp-image-38 size-full\" srcset=\"https:\/\/orsaygifathle.fr\/wp-content\/uploads\/2022\/06\/CAO_light-1024x683.jpg 1024w, https:\/\/orsaygifathle.fr\/wp-content\/uploads\/2022\/06\/CAO_light-300x200.jpg 300w\" sizes=\"auto, (max-width: 1024px) 100vw, 1024px\" \/><\/figure><div class=\"wp-block-media-text__content\">\n<p>Le<strong> CA Orsay Athl\u00e9tisme<\/strong> est une section du Club Omnisport du CAO. Ce dernier a \u00e9t\u00e9 cr\u00e9\u00e9 en 1925 sous le nom de l&rsquo;Yvette Sportive et le nom de Club Athl\u00e9tique d&rsquo;Orsay en 1941 compte actuellement 16 sections sportives.<\/p>\n\n\n\n<p>Le <strong>CA Orsay Athl\u00e9tisme<\/strong> est affili\u00e9 \u00e0 la F\u00e9d\u00e9ration Fran\u00e7aise d\u2019Athl\u00e9tisme (FFA) et \u00e0 la Ligue d\u2019Ile de France d\u2019Athl\u00e9tisme (LIFA) ainsi qu\u2019au Comit\u00e9 D\u00e9partemental de l\u2019Essonne (CDA91).<\/p>\n<\/div><\/div>\n<\/div>\n<\/div>\n<\/div><\/div>\n\n\n<p><div class=\"leaflet-map WPLeafletMap\" style=\"height:500px; width:100%;\"><\/div><script>\nwindow.WPLeafletMapPlugin = window.WPLeafletMapPlugin || [];\nwindow.WPLeafletMapPlugin.push(function WPLeafletMapShortcode() {\/*<script>*\/\nvar baseUrl = atob('aHR0cHM6Ly90aWxlLm9wZW5zdHJlZXRtYXAub3JnL3t6fS97eH0ve3l9LnBuZw==');\nvar base = (!baseUrl && window.MQ) ?\n    window.MQ.mapLayer() : L.tileLayer(baseUrl,\n        L.Util.extend({}, {\n            detectRetina: 0,\n        },\n        {\"subdomains\":\"abc\",\"noWrap\":false,\"maxZoom\":19}        )\n    );\n    var options = L.Util.extend({}, {\n        layers: [base],\n        attributionControl: false\n    },\n    {\"zoomControl\":true,\"scrollWheelZoom\":true,\"doubleClickZoom\":false,\"fitBounds\":false,\"minZoom\":0,\"maxZoom\":19,\"maxBounds\":null,\"attribution\":\"<a href=\\\"http:\\\/\\\/leafletjs.com\\\" title=\\\"Une biblioth\\u00e8que JS pour des cartes interactives\\\">Leaflet<\\\/a>; \\u00a9 <a href=\\\"http:\\\/\\\/www.openstreetmap.org\\\/copyright\\\">OpenStreetMap<\\\/a> contributeurs\\\/contributrices\"},\n    {});\nwindow.WPLeafletMapPlugin.createMap(options).setView([48.701068759271,2.199758916857],16);});<\/script><br \/>\n<script>\nwindow.WPLeafletMapPlugin = window.WPLeafletMapPlugin || [];\nwindow.WPLeafletMapPlugin.push(function WPLeafletMarkerShortcode() {\/*<script>*\/\nvar map = window.WPLeafletMapPlugin.getCurrentMap();\nvar group = window.WPLeafletMapPlugin.getCurrentGroup();\nvar marker_options = window.WPLeafletMapPlugin.getIconOptions({\"title\":\"Stade\"});\nvar marker = L.marker(\n    [48.701068759271,2.199758916857],\n    marker_options\n);\nvar is_image = map.is_image_map;\nif (marker_options.draggable) {\n    marker.on('dragend', function () {\n        var latlng = this.getLatLng();\n        var lat = latlng.lat;\n        var lng = latlng.lng;\n        if (is_image) {\n            console.log('leaflet-marker y=' + lat + ' x=' + lng);\n        } else {\n            console.log('leaflet-marker lat=' + lat + ' lng=' + lng);\n        }\n    });\n}\nmarker.addTo( group );\nwindow.WPLeafletMapPlugin.markers.push( marker );\n        });<\/script><\/p>\n\n\n\n<figure class=\"wp-block-gallery has-nested-images columns-default is-cropped wp-block-gallery-1 is-layout-flex wp-block-gallery-is-layout-flex\">\n<figure class=\"wp-block-image size-large\"><img loading=\"lazy\" decoding=\"async\" width=\"2448\" height=\"2448\" data-id=\"202\" src=\"https:\/\/orsaygifathle.fr\/wp-content\/uploads\/2022\/08\/sautoir_perche_1-edited.jpg\" alt=\"\" class=\"wp-image-202\" srcset=\"https:\/\/orsaygifathle.fr\/wp-content\/uploads\/2022\/08\/sautoir_perche_1-edited.jpg 2448w, https:\/\/orsaygifathle.fr\/wp-content\/uploads\/2022\/08\/sautoir_perche_1-edited-300x300.jpg 300w, https:\/\/orsaygifathle.fr\/wp-content\/uploads\/2022\/08\/sautoir_perche_1-edited-1024x1024.jpg 1024w, https:\/\/orsaygifathle.fr\/wp-content\/uploads\/2022\/08\/sautoir_perche_1-edited-150x150.jpg 150w, https:\/\/orsaygifathle.fr\/wp-content\/uploads\/2022\/08\/sautoir_perche_1-edited-768x768.jpg 768w, https:\/\/orsaygifathle.fr\/wp-content\/uploads\/2022\/08\/sautoir_perche_1-edited-1536x1536.jpg 1536w, https:\/\/orsaygifathle.fr\/wp-content\/uploads\/2022\/08\/sautoir_perche_1-edited-2048x2048.jpg 2048w, https:\/\/orsaygifathle.fr\/wp-content\/uploads\/2022\/08\/sautoir_perche_1-edited-200x200.jpg 200w, https:\/\/orsaygifathle.fr\/wp-content\/uploads\/2022\/08\/sautoir_perche_1-edited-740x740.jpg 740w\" sizes=\"auto, (max-width: 2448px) 100vw, 2448px\" \/><\/figure>\n\n\n\n<figure class=\"wp-block-image size-large\"><img loading=\"lazy\" decoding=\"async\" width=\"1699\" height=\"1698\" data-id=\"203\" src=\"https:\/\/orsaygifathle.fr\/wp-content\/uploads\/2022\/08\/piste-edited.jpg\" alt=\"\" class=\"wp-image-203\" srcset=\"https:\/\/orsaygifathle.fr\/wp-content\/uploads\/2022\/08\/piste-edited.jpg 1699w, https:\/\/orsaygifathle.fr\/wp-content\/uploads\/2022\/08\/piste-edited-300x300.jpg 300w, https:\/\/orsaygifathle.fr\/wp-content\/uploads\/2022\/08\/piste-edited-1024x1024.jpg 1024w, https:\/\/orsaygifathle.fr\/wp-content\/uploads\/2022\/08\/piste-edited-150x150.jpg 150w, https:\/\/orsaygifathle.fr\/wp-content\/uploads\/2022\/08\/piste-edited-768x768.jpg 768w, https:\/\/orsaygifathle.fr\/wp-content\/uploads\/2022\/08\/piste-edited-1536x1536.jpg 1536w, https:\/\/orsaygifathle.fr\/wp-content\/uploads\/2022\/08\/piste-edited-200x200.jpg 200w, https:\/\/orsaygifathle.fr\/wp-content\/uploads\/2022\/08\/piste-edited-740x740.jpg 740w\" sizes=\"auto, (max-width: 1699px) 100vw, 1699px\" \/><\/figure>\n<\/figure>\n<\/div>\n<\/div>\n\n\n\n<p>Depuis l\u2019\u00e9t\u00e9 2012, le CA Orsay Athl\u00e9tisme dispose d&rsquo;une piste neuve avec un rev\u00eatement synth\u00e9tique de 333 m\u00e8tres et d\u2019un sautoir de perche pour l\u2019initiation et la comp\u00e9tition.<\/p>\n","protected":false},"excerpt":{"rendered":"<p>Inscription au club d&rsquo;Orsay Entrainements au club d&rsquo;Orsay Informations Athl\u00e9 d\u00e9couverte (Poussins\/Benjamins) Informations Athl\u00e9 comp\u00e9tition Informations Athl\u00e9 loisir Le CA Orsay Athl\u00e9tisme est une&#46;&#46;&#46;<\/p>\n","protected":false},"author":1,"featured_media":0,"parent":0,"menu_order":0,"comment_status":"closed","ping_status":"closed","template":"","meta":{"om_disable_all_campaigns":false,"ub_ctt_via":"","_monsterinsights_skip_tracking":false,"_monsterinsights_sitenote_active":false,"_monsterinsights_sitenote_note":"","_monsterinsights_sitenote_category":0,"footnotes":""},"class_list":["post-35","page","type-page","status-publish","hentry"],"aioseo_notices":[],"featured_image_src":null,"_links":{"self":[{"href":"https:\/\/orsaygifathle.fr\/index.php?rest_route=\/wp\/v2\/pages\/35","targetHints":{"allow":["GET"]}}],"collection":[{"href":"https:\/\/orsaygifathle.fr\/index.php?rest_route=\/wp\/v2\/pages"}],"about":[{"href":"https:\/\/orsaygifathle.fr\/index.php?rest_route=\/wp\/v2\/types\/page"}],"author":[{"embeddable":true,"href":"https:\/\/orsaygifathle.fr\/index.php?rest_route=\/wp\/v2\/users\/1"}],"replies":[{"embeddable":true,"href":"https:\/\/orsaygifathle.fr\/index.php?rest_route=%2Fwp%2Fv2%2Fcomments&post=35"}],"version-history":[{"count":31,"href":"https:\/\/orsaygifathle.fr\/index.php?rest_route=\/wp\/v2\/pages\/35\/revisions"}],"predecessor-version":[{"id":252,"href":"https:\/\/orsaygifathle.fr\/index.php?rest_route=\/wp\/v2\/pages\/35\/revisions\/252"}],"wp:attachment":[{"href":"https:\/\/orsaygifathle.fr\/index.php?rest_route=%2Fwp%2Fv2%2Fmedia&parent=35"}],"curies":[{"name":"wp","href":"https:\/\/api.w.org\/{rel}","templated":true}]}}